
{"id":229,"date":"2019-03-21T03:07:21","date_gmt":"2019-03-21T03:07:21","guid":{"rendered":"https:\/\/moveisluisxv.com.br\/?page_id=229"},"modified":"2019-03-21T03:12:22","modified_gmt":"2019-03-21T03:12:22","slug":"contato","status":"publish","type":"page","link":"https:\/\/moveisluisxv.com.br\/?page_id=229","title":{"rendered":"Contato"},"content":{"rendered":"<h1>Contato<\/h1>\n<h5>D\u00favidas, Sugest\u00f5es, informa\u00e7\u00f5es e parcerias, entre em contato no formulario abaixo:<\/h5>\n","protected":false},"excerpt":{"rendered":"<p>Contato D\u00favidas, Sugest\u00f5es, informa\u00e7\u00f5es e parcerias, entre em contato no formulario abaixo:<\/p>\n","protected":false},"author":1,"featured_media":0,"parent":0,"menu_order":0,"comment_status":"closed","ping_status":"closed","template":"elementor_header_footer","meta":{"footnotes":""},"class_list":["post-229","page","type-page","status-publish","hentry"],"yoast_head":"<!-- This site is optimized with the Yoast SEO plugin v27.4 - https:\/\/yoast.com\/product\/yoast-seo-wordpress\/ -->\n<title>Contato - M\u00f3veis Luis XV<\/title>\n<meta name=\"robots\" content=\"index, follow, max-snippet:-1, max-image-preview:large, max-video-preview:-1\" \/>\n<link rel=\"canonical\" href=\"https:\/\/moveisluisxv.com.br\/?page_id=229\" \/>\n<meta property=\"og:locale\" content=\"pt_BR\" \/>\n<meta property=\"og:type\" content=\"article\" \/>\n<meta property=\"og:title\" content=\"Contato - M\u00f3veis Luis XV\" \/>\n<meta property=\"og:description\" content=\"Contato D\u00favidas, Sugest\u00f5es, informa\u00e7\u00f5es e parcerias, entre em contato no formulario abaixo:\" \/>\n<meta property=\"og:url\" content=\"https:\/\/moveisluisxv.com.br\/?page_id=229\" \/>\n<meta property=\"og:site_name\" content=\"M\u00f3veis Luis XV\" \/>\n<meta property=\"article:modified_time\" content=\"2019-03-21T03:12:22+00:00\" \/>\n<meta name=\"twitter:card\" content=\"summary_large_image\" \/>\n<script type=\"application\/ld+json\" class=\"yoast-schema-graph\">{\"@context\":\"https:\\\/\\\/schema.org\",\"@graph\":[{\"@type\":\"WebPage\",\"@id\":\"https:\\\/\\\/moveisluisxv.com.br\\\/?page_id=229\",\"url\":\"https:\\\/\\\/moveisluisxv.com.br\\\/?page_id=229\",\"name\":\"Contato - M\u00f3veis Luis XV\",\"isPartOf\":{\"@id\":\"\\\/#website\"},\"datePublished\":\"2019-03-21T03:07:21+00:00\",\"dateModified\":\"2019-03-21T03:12:22+00:00\",\"inLanguage\":\"pt-BR\",\"potentialAction\":[{\"@type\":\"ReadAction\",\"target\":[\"https:\\\/\\\/moveisluisxv.com.br\\\/?page_id=229\"]}]},{\"@type\":\"WebSite\",\"@id\":\"\\\/#website\",\"url\":\"\\\/\",\"name\":\"M\u00f3veis Luis XV\",\"description\":\"M\u00f3veis Estilo Luis XV, M\u00f3veis Cl\u00e1ssicos, M\u00f3veis Proven\u00e7ais, M\u00f3veis Entalhados\",\"potentialAction\":[{\"@type\":\"SearchAction\",\"target\":{\"@type\":\"EntryPoint\",\"urlTemplate\":\"\\\/?s={search_term_string}\"},\"query-input\":{\"@type\":\"PropertyValueSpecification\",\"valueRequired\":true,\"valueName\":\"search_term_string\"}}],\"inLanguage\":\"pt-BR\"}]}<\/script>\n<!-- \/ Yoast SEO plugin. -->","yoast_head_json":{"title":"Contato - M\u00f3veis Luis XV","robots":{"index":"index","follow":"follow","max-snippet":"max-snippet:-1","max-image-preview":"max-image-preview:large","max-video-preview":"max-video-preview:-1"},"canonical":"https:\/\/moveisluisxv.com.br\/?page_id=229","og_locale":"pt_BR","og_type":"article","og_title":"Contato - M\u00f3veis Luis XV","og_description":"Contato D\u00favidas, Sugest\u00f5es, informa\u00e7\u00f5es e parcerias, entre em contato no formulario abaixo:","og_url":"https:\/\/moveisluisxv.com.br\/?page_id=229","og_site_name":"M\u00f3veis Luis XV","article_modified_time":"2019-03-21T03:12:22+00:00","twitter_card":"summary_large_image","schema":{"@context":"https:\/\/schema.org","@graph":[{"@type":"WebPage","@id":"https:\/\/moveisluisxv.com.br\/?page_id=229","url":"https:\/\/moveisluisxv.com.br\/?page_id=229","name":"Contato - M\u00f3veis Luis XV","isPartOf":{"@id":"\/#website"},"datePublished":"2019-03-21T03:07:21+00:00","dateModified":"2019-03-21T03:12:22+00:00","inLanguage":"pt-BR","potentialAction":[{"@type":"ReadAction","target":["https:\/\/moveisluisxv.com.br\/?page_id=229"]}]},{"@type":"WebSite","@id":"\/#website","url":"\/","name":"M\u00f3veis Luis XV","description":"M\u00f3veis Estilo Luis XV, M\u00f3veis Cl\u00e1ssicos, M\u00f3veis Proven\u00e7ais, M\u00f3veis Entalhados","potentialAction":[{"@type":"SearchAction","target":{"@type":"EntryPoint","urlTemplate":"\/?s={search_term_string}"},"query-input":{"@type":"PropertyValueSpecification","valueRequired":true,"valueName":"search_term_string"}}],"inLanguage":"pt-BR"}]}},"_links":{"self":[{"href":"https:\/\/moveisluisxv.com.br\/index.php?rest_route=\/wp\/v2\/pages\/229","targetHints":{"allow":["GET"]}}],"collection":[{"href":"https:\/\/moveisluisxv.com.br\/index.php?rest_route=\/wp\/v2\/pages"}],"about":[{"href":"https:\/\/moveisluisxv.com.br\/index.php?rest_route=\/wp\/v2\/types\/page"}],"author":[{"embeddable":true,"href":"https:\/\/moveisluisxv.com.br\/index.php?rest_route=\/wp\/v2\/users\/1"}],"replies":[{"embeddable":true,"href":"https:\/\/moveisluisxv.com.br\/index.php?rest_route=%2Fwp%2Fv2%2Fcomments&post=229"}],"version-history":[{"count":4,"href":"https:\/\/moveisluisxv.com.br\/index.php?rest_route=\/wp\/v2\/pages\/229\/revisions"}],"predecessor-version":[{"id":233,"href":"https:\/\/moveisluisxv.com.br\/index.php?rest_route=\/wp\/v2\/pages\/229\/revisions\/233"}],"wp:attachment":[{"href":"https:\/\/moveisluisxv.com.br\/index.php?rest_route=%2Fwp%2Fv2%2Fmedia&parent=229"}],"curies":[{"name":"wp","href":"https:\/\/api.w.org\/{rel}","templated":true}]}}